{"id":8532,"date":"2018-06-23T21:56:39","date_gmt":"2018-06-23T19:56:39","guid":{"rendered":"http:\/\/petitmammouthlaineux.fr\/?p=8532"},"modified":"2022-03-13T18:08:32","modified_gmt":"2022-03-13T16:08:32","slug":"tutoriel-sur-les-steeks","status":"publish","type":"page","link":"https:\/\/petitmammouthlaineux.fr\/?page_id=8532","title":{"rendered":"Steeks mode d&#8217;emploi"},"content":{"rendered":"<p>Enfin le voil\u00e0 ce tuto sur les steeks ! Ouh, la, la, cela a \u00e9t\u00e9 laborieux ! D\u00e9sol\u00e9e pour le d\u00e9lai, mais l&rsquo;organisation d&rsquo;un d\u00e9m\u00e9nagement a l\u00e9g\u00e8rement perturb\u00e9 mon planning&#8230;<\/p>\n<p>Je voulais vraiment un tuto&nbsp; clair et&nbsp; complet et j&rsquo;esp\u00e8re que c&rsquo;est r\u00e9ussi. Un grand merci \u00e0 l\u2019empereur d&rsquo;Orient qui s&rsquo;est improvis\u00e9 cameraman et a assur\u00e9 le post traitement de mani\u00e8re&#8230; imp\u00e9riale !<\/p>\n<p>C&rsquo;est ma premi\u00e8re vid\u00e9o tricot. Et ce n&rsquo;est pas facile de tourner une d\u00e9monstration avec des gestes&nbsp; bien visibles, des gros plans nets, le tout sans longueurs excessives.<\/p>\n<p>L&rsquo;objectif est de vous proposer, en fran\u00e7ais , un pas \u00e0 pas pour pratiquer cette technique tr\u00e8s utilis\u00e9e dans les pays d&rsquo;Europe du nord. Lancez-vous, \u00e7a vaut le coup !<\/p>\n<p>Je consacre&nbsp; donc cet article \u00e0 cette technique que j&rsquo;ai appris \u00e0 appr\u00e9cier et pratiquer aux Shetland. Vous trouverez donc ici :<\/p>\n<p>La vid\u00e9o d\u00e9coup\u00e9e en plusieurs s\u00e9quences. Elle sera ainsi plus facile \u00e0 utiliser selon vos besoins.<\/p>\n<p>Et des photos \u00ab\u00a0arr\u00eat sur image\u00a0\u00bb compl\u00e8tent &#8211; utilement j&rsquo;esp\u00e8re &#8211; cette d\u00e9monstration.<\/p>\n<p><strong>Attention ! Je suis gauch\u00e8re<\/strong>. Certaines indications seront donc \u00e0 inverser pour les droiti\u00e8res. Par exemple, la consolidation au crochet se fera de la droite vers la gauche et non de gauche \u00e0 droite.<\/p>\n<p><strong>Les steeks :qu&rsquo;est-ce que c&rsquo;est et \u00e0 quoi \u00e7a sert ?<\/strong><\/p>\n<p><iframe loading=\"lazy\" src=\"https:\/\/www.youtube.com\/embed\/kp13uCoBVIs\" allowfullscreen=\"allowfullscreen\" width=\"560\" height=\"315\" frameborder=\"0\"><\/iframe><\/p>\n<p>Cette technique est tr\u00e8s li\u00e9e \u00e0 des traditions de tricot jacquard, pratiqu\u00e9e dans les pays d\u2019Europe du Nord, en particulier dans les \u00eeles Shetland. Dans ces traditions o\u00f9 le jacquard est une succession de petits motifs tr\u00e8s vari\u00e9s et utilisant de nombreux coloris, les pulls et les cardigans se tricotent en rond pour pouvoir toujours travailler \u00e0 l\u2019endroit et mieux suivre le dessin.<\/p>\n<p>On tricote donc en rond une forme tubulaire qu\u2019il faut ensuite ouvrir pour faire un cardigan ou fixer des manches.<\/p>\n<p>Les steeks sont des mailles suppl\u00e9mentaires qui sont rajout\u00e9es \u00e0 un tricot et ne font donc partie ni du dessin ni des mesures finales et dans lesquelles on va ensuite couper.<\/p>\n<p>J\u2019ai utilis\u00e9 cette technique pour la premi\u00e8re fois pour r\u00e9aliser un cardigan pour enfant avec un empi\u00e8cement jacquard sur l\u2019encolure. Je &nbsp;l\u2019ai trouv\u00e9e tr\u00e8s int\u00e9ressante.&nbsp; Je l&rsquo;ai trouv\u00e9e tr\u00e8s pratique et pas si difficile \u00e0 condition d\u2019\u00eatre m\u00e9thodique . Elle fait de beaux tricots&nbsp; avec des finitions impeccables.<\/p>\n<p>Voici l\u2019\u00e9chantillon de d\u00e9monstration pour vous montrer les diff\u00e9rentes \u00e9tapes. C\u2019est un tube en jacquard, une sorte de pull shetlandais miniature qui repr\u00e9sente le pull du bas jusqu\u2019aux emmanchures.<\/p>\n<p><a href=\"https:\/\/petitmammouthlaineux.fr\/wp-content\/uploads\/Steeks-\u00e9chantillon.jpg\"><img loading=\"lazy\" decoding=\"async\" class=\"alignleft size-full wp-image-8602\" src=\"https:\/\/petitmammouthlaineux.fr\/wp-content\/uploads\/Steeks-\u00e9chantillon.jpg\" alt=\"Steeks \u00e9chantillon\" width=\"1920\" height=\"1080\" srcset=\"https:\/\/petitmammouthlaineux.fr\/wp-content\/uploads\/Steeks-\u00e9chantillon.jpg 1920w, https:\/\/petitmammouthlaineux.fr\/wp-content\/uploads\/Steeks-\u00e9chantillon-300x169.jpg 300w, https:\/\/petitmammouthlaineux.fr\/wp-content\/uploads\/Steeks-\u00e9chantillon-768x432.jpg 768w, https:\/\/petitmammouthlaineux.fr\/wp-content\/uploads\/Steeks-\u00e9chantillon-1024x576.jpg 1024w, https:\/\/petitmammouthlaineux.fr\/wp-content\/uploads\/Steeks-\u00e9chantillon-1200x675.jpg 1200w\" sizes=\"(max-width: 709px) 85vw, (max-width: 909px) 67vw, (max-width: 1362px) 62vw, 840px\" \/><\/a><\/p>\n<p>Imaginez&nbsp; qu\u2019il s\u2019agit d\u2019un mod\u00e8le de&nbsp; gilet, qu\u2019il faut ouvrir devant pour faire les bordures de boutonnage.<\/p>\n<p>Les steeks sont ces mailles suppl\u00e9mentaires que vous voyez au milieu et qui ne font pas partie du motif mais sont tricot\u00e9es dans les m\u00eames couleurs. Elles doivent \u00eatre pr\u00e9vues d\u00e8s le d\u00e9but dans le patron et ne peuvent \u00eatre rajout\u00e9es a posteriori.<\/p>\n<p>J\u2019ai donc tricot\u00e9&nbsp; le gilet en rond avec ses motifs plus 5 mailles de steeks \u00e0 l\u2019endroit o\u00f9 le gilet doit s\u2019ouvrir. Pour plus de visibilit\u00e9 j\u2019ai mat\u00e9rialis\u00e9 leur emplacement par un fil vertical de chaque c\u00f4t\u00e9.<\/p>\n<p>Les steeks doivent toujours \u00eatre en nombre impair car on va couper dans la \u00ab&nbsp;colonne&nbsp;\u00bb du milieu entre les deux brins de la maille centrale, c\u2019est-\u00e0-dire pour mon \u00e9chantillon dans la maille num\u00e9ro 3&nbsp;; il y aura deux autres steeks de chaque c\u00f4t\u00e9&nbsp;; on a donc bien une sym\u00e9trie&nbsp;.<\/p>\n<p>Le nombre de mailles steeks est le plus fr\u00e9quemment de 5 ou de 7. Moins c\u2019est trop peu pour couper en toute s\u00e9curit\u00e9. 9 c\u2019est trop de mailles suppl\u00e9mentaires sur les c\u00f4t\u00e9s.<\/p>\n<p>La m\u00e9thode est la suivante&nbsp;:on rentre les fils sur l\u2019envers, on consolide les steeks, on coupe, on replie les bordures sur l\u2019int\u00e9rieur, on rel\u00e8ve les mailles pour les bordures.<\/p>\n<p><iframe loading=\"lazy\" src=\"https:\/\/www.youtube.com\/embed\/8YCedIFBLYw\" allowfullscreen=\"allowfullscreen\" width=\"560\" height=\"315\" frameborder=\"0\"><\/iframe><\/p>\n<p><strong>1 Rentrer les fils<\/strong><\/p>\n<p>Dans un jacquard, il s\u2019agit des fils utilis\u00e9s pour commencer un rang ou coup\u00e9s \u00e0 la fin d\u2019un rang une fois leur utilisation termin\u00e9e. Il faut les rentrer sur l&rsquo;envers en les \u00e9cartant des steeks pour \u00e9viter qu\u2019il ne soient coup\u00e9s quand on va ouvrir le tricot. Donc, on les rentre sur la droite ou sur la gauche selon leur emplacement en les \u00e9cartant du centre o\u00f9 se trouvent les steeks.<\/p>\n<p><iframe loading=\"lazy\" src=\"https:\/\/www.youtube.com\/embed\/9M5Wb3NDfBQ\" allowfullscreen=\"allowfullscreen\" width=\"560\" height=\"315\" frameborder=\"0\"><\/iframe><\/p>\n<p><strong>2 Consolider les steeks<\/strong><\/p>\n<p>Avant de couper le tricot dans ces steeks, il faut les s\u00e9curiser pour \u00e9viter que le tricot ne se d\u00e9fasse. Cette consolidation se fait au crochet avec un fil de couleur assez proche si possible. Si vous n\u2019utilisez pas le fil qui vous a servi \u00e0 faire le mod\u00e8le, l\u2019id\u00e9al est de prendre du&nbsp; fil \u00e0 chaussette fin et solide dans une couleur similaire. Dans le cas d&rsquo;un jacquard, je vous conseille de prendre la laine la plus claire.<\/p>\n<p>Pour la d\u00e9monstration, j\u2019utilise un fil volontairement contrast\u00e9 pour des raisons de visibilit\u00e9.<\/p>\n<p>Certains&nbsp; font cette s\u00e9curisation \u00e0 la machine en faisant une double couture de chaque c\u00f4t\u00e9 de la maille centrale, mais je trouve cela moins bien&nbsp;: le fil de couture a tendance \u00e0 rigidifier le tricot. Le crochet avec le m\u00eame fil que le tricot fait un travail plus souple.<\/p>\n<p>On va faire une cha\u00eenette&nbsp; de chaque c\u00f4t\u00e9 du steek central en prenant ensemble un &nbsp;brin du steek lat\u00e9ral et un brin du steek central.<\/p>\n<p>On fait une boucle avec un n\u0153ud sur le crochet. On passe sous la bordure du&nbsp; tricot&nbsp; ( en haut ou en bas, peu importe) et on fait une premi\u00e8re maille serr\u00e9e.<\/p>\n<p><a href=\"https:\/\/petitmammouthlaineux.fr\/wp-content\/uploads\/steeks-deux-brins.jpg\"><img loading=\"lazy\" decoding=\"async\" class=\"alignleft size-full wp-image-8600\" src=\"https:\/\/petitmammouthlaineux.fr\/wp-content\/uploads\/steeks-deux-brins.jpg\" alt=\"steeks deux brins\" width=\"1920\" height=\"1080\" srcset=\"https:\/\/petitmammouthlaineux.fr\/wp-content\/uploads\/steeks-deux-brins.jpg 1920w, https:\/\/petitmammouthlaineux.fr\/wp-content\/uploads\/steeks-deux-brins-300x169.jpg 300w, https:\/\/petitmammouthlaineux.fr\/wp-content\/uploads\/steeks-deux-brins-768x432.jpg 768w, https:\/\/petitmammouthlaineux.fr\/wp-content\/uploads\/steeks-deux-brins-1024x576.jpg 1024w, https:\/\/petitmammouthlaineux.fr\/wp-content\/uploads\/steeks-deux-brins-1200x675.jpg 1200w\" sizes=\"(max-width: 709px) 85vw, (max-width: 909px) 67vw, (max-width: 1362px) 62vw, 840px\" \/><\/a><\/p>\n<p>Et on \u00ab&nbsp;attaque&nbsp;\u00bb les steeks&nbsp; : on prend le brin &nbsp;du steek lat\u00e9ral avec le brin du steek central et on fait une maille serr\u00e9e. Que vous commenciez par le haut du tricot ou par le bas, il faut toujours prendre<strong> le brin du steek lat\u00e9ral d&rsquo;abord.<\/strong><\/p>\n<p><a href=\"https:\/\/petitmammouthlaineux.fr\/wp-content\/uploads\/steeks-deux-brins-2.jpg\"><img loading=\"lazy\" decoding=\"async\" class=\"alignleft size-full wp-image-8598\" src=\"https:\/\/petitmammouthlaineux.fr\/wp-content\/uploads\/steeks-deux-brins-2.jpg\" alt=\"steeks deux brins 2\" width=\"1920\" height=\"1080\" srcset=\"https:\/\/petitmammouthlaineux.fr\/wp-content\/uploads\/steeks-deux-brins-2.jpg 1920w, https:\/\/petitmammouthlaineux.fr\/wp-content\/uploads\/steeks-deux-brins-2-300x169.jpg 300w, https:\/\/petitmammouthlaineux.fr\/wp-content\/uploads\/steeks-deux-brins-2-768x432.jpg 768w, https:\/\/petitmammouthlaineux.fr\/wp-content\/uploads\/steeks-deux-brins-2-1024x576.jpg 1024w, https:\/\/petitmammouthlaineux.fr\/wp-content\/uploads\/steeks-deux-brins-2-1200x675.jpg 1200w\" sizes=\"(max-width: 709px) 85vw, (max-width: 909px) 67vw, (max-width: 1362px) 62vw, 840px\" \/><\/a><\/p>\n<p>Attention, &nbsp;je travaille de la gauche vers la droite pour faire cette consolidation car je suis gauch\u00e8re. Pour les droiti\u00e8res, on travaille de droite \u00e0 gauche. Mais dans les deux cas, on commence toujours par prendre le brin du steek lat\u00e9ral puis le brin du steek central pour faire la maille serr\u00e9e.<\/p>\n<p><iframe loading=\"lazy\" src=\"https:\/\/www.youtube.com\/embed\/XOmxj6mu-NI\" allowfullscreen=\"allowfullscreen\" width=\"560\" height=\"315\" frameborder=\"0\"><\/iframe><\/p>\n<p>On r\u00e9p\u00e8te sur toutes les mailles de la colonne. <strong>Le plus important est de ne pas sauter de maille sinon le tricot se d\u00e9fera.<\/strong><\/p>\n<p><a href=\"https:\/\/petitmammouthlaineux.fr\/wp-content\/uploads\/steeks-premi\u00e8re-chainette.jpg\"><img loading=\"lazy\" decoding=\"async\" class=\"alignleft size-full wp-image-8597\" src=\"https:\/\/petitmammouthlaineux.fr\/wp-content\/uploads\/steeks-premi\u00e8re-chainette.jpg\" alt=\"steeks premi\u00e8re chainette\" width=\"1920\" height=\"1080\" srcset=\"https:\/\/petitmammouthlaineux.fr\/wp-content\/uploads\/steeks-premi\u00e8re-chainette.jpg 1920w, https:\/\/petitmammouthlaineux.fr\/wp-content\/uploads\/steeks-premi\u00e8re-chainette-300x169.jpg 300w, https:\/\/petitmammouthlaineux.fr\/wp-content\/uploads\/steeks-premi\u00e8re-chainette-768x432.jpg 768w, https:\/\/petitmammouthlaineux.fr\/wp-content\/uploads\/steeks-premi\u00e8re-chainette-1024x576.jpg 1024w, https:\/\/petitmammouthlaineux.fr\/wp-content\/uploads\/steeks-premi\u00e8re-chainette-1200x675.jpg 1200w\" sizes=\"(max-width: 709px) 85vw, (max-width: 909px) 67vw, (max-width: 1362px) 62vw, 840px\" \/><\/a><\/p>\n<p>Au bout du tricot, je passe sous la bordure pour une maille serr\u00e9e, je coupe et je passe mon fil dans la boucle.<\/p>\n<p>Regardez \u00e0 quoi ressemble ce travail&nbsp;: on voit une chainette sur l\u2019endroit et sur l\u2019envers les deux brins des 2 steeks sont bien pris sur toute la hauteur.<\/p>\n<p><iframe loading=\"lazy\" src=\"https:\/\/www.youtube.com\/embed\/9eKnzUYX4E4\" allowfullscreen=\"allowfullscreen\" width=\"560\" height=\"315\" frameborder=\"0\"><\/iframe><\/p>\n<p>Et je recommence de l\u2019autre c\u00f4t\u00e9, en reprenant en sens inverse : si j&rsquo;ai fait ma premi\u00e8re cha\u00eenette de bas en haut, je fais la seconde de haut en bas, ou inversement. Cela permettra de bien \u00e9carter les deux cha\u00eenettes et de faciliter la coupe au centre.<br \/>\nJe fais une premi\u00e8re maille serr\u00e9e sous la bordure et je reprend le brin&nbsp; du steek lat\u00e9ral avec le brin du steek central pour faire une maille serr\u00e9e.<\/p>\n<p>Lorsque les deux cha\u00eenettes sont faites, la consolidation est termin\u00e9e. Sur l\u2019endroit, on a donc&nbsp; 2 cha\u00eenettes bien r\u00e9guli\u00e8res et sur l\u2019envers, on voit les brins pris dans la chainette sur toutes les mailles.<\/p>\n<p><img loading=\"lazy\" decoding=\"async\" class=\"alignleft size-full wp-image-8596\" src=\"https:\/\/petitmammouthlaineux.fr\/wp-content\/uploads\/steeks-deux-chainettes.jpg\" alt=\"steeks deux chainettes\" width=\"1920\" height=\"1080\" srcset=\"https:\/\/petitmammouthlaineux.fr\/wp-content\/uploads\/steeks-deux-chainettes.jpg 1920w, https:\/\/petitmammouthlaineux.fr\/wp-content\/uploads\/steeks-deux-chainettes-300x169.jpg 300w, https:\/\/petitmammouthlaineux.fr\/wp-content\/uploads\/steeks-deux-chainettes-768x432.jpg 768w, https:\/\/petitmammouthlaineux.fr\/wp-content\/uploads\/steeks-deux-chainettes-1024x576.jpg 1024w, https:\/\/petitmammouthlaineux.fr\/wp-content\/uploads\/steeks-deux-chainettes-1200x675.jpg 1200w\" sizes=\"(max-width: 709px) 85vw, (max-width: 909px) 67vw, (max-width: 1362px) 62vw, 840px\" \/><\/p>\n<p>Les deux cha\u00eenettes \u00e9cartent le tricot au centre. On va pouvoir couper&nbsp;!<\/p>\n<p>C\u2019est vraiment ce travail de consolidation qui est le plus important car il permet ensuite de couper toute s\u00e9curit\u00e9. Soyez m\u00e9ticuleux&nbsp;!<\/p>\n<p>Rappel de quelques points essentiels :<\/p>\n<p><strong>Faire les deux cha\u00eenettes en sens oppos\u00e9<\/strong>,<\/p>\n<p><strong>Toujours prendre le brin du steek lat\u00e9ral d&rsquo;abord et ensuite celui du steek central<\/strong>,<\/p>\n<p><a href=\"https:\/\/petitmammouthlaineux.fr\/wp-content\/uploads\/steeks-erreur-\u00e0-\u00e9viter.jpg\"><img loading=\"lazy\" decoding=\"async\" class=\"alignleft size-full wp-image-8594\" src=\"https:\/\/petitmammouthlaineux.fr\/wp-content\/uploads\/steeks-erreur-\u00e0-\u00e9viter.jpg\" alt=\"steeks erreur \u00e0 \u00e9viter\" width=\"1920\" height=\"1080\" srcset=\"https:\/\/petitmammouthlaineux.fr\/wp-content\/uploads\/steeks-erreur-\u00e0-\u00e9viter.jpg 1920w, https:\/\/petitmammouthlaineux.fr\/wp-content\/uploads\/steeks-erreur-\u00e0-\u00e9viter-300x169.jpg 300w, https:\/\/petitmammouthlaineux.fr\/wp-content\/uploads\/steeks-erreur-\u00e0-\u00e9viter-768x432.jpg 768w, https:\/\/petitmammouthlaineux.fr\/wp-content\/uploads\/steeks-erreur-\u00e0-\u00e9viter-1024x576.jpg 1024w, https:\/\/petitmammouthlaineux.fr\/wp-content\/uploads\/steeks-erreur-\u00e0-\u00e9viter-1200x675.jpg 1200w\" sizes=\"(max-width: 709px) 85vw, (max-width: 909px) 67vw, (max-width: 1362px) 62vw, 840px\" \/><\/a><br \/>\n<strong>Ne pas sauter de mailles<\/strong> : il faut les prendre toutes sur la hauteur,<br \/>\n<strong>Une seule maille serr\u00e9e suffit <\/strong>: ne pas faire plusieurs mailles serr\u00e9es dans les m\u00eames brins sinon cela va \u00ab\u00a0\u00e9paissir\u00a0\u00bb votre travail.<br \/>\n<iframe loading=\"lazy\" src=\"https:\/\/www.youtube.com\/embed\/z2bAKMU543c\" allowfullscreen=\"allowfullscreen\" width=\"560\" height=\"315\" frameborder=\"0\"><\/iframe><\/p>\n<p><strong>3 Couper !<\/strong><\/p>\n<p>En th\u00e9orie , c\u2019est l\u2019\u00e9tape la plus stressante, mais en fait non, l\u2019essentiel est d\u00e9j\u00e0 fait.<\/p>\n<p>Il faut des petits ciseaux pointus de couture. On \u00e9carte bien les deux cha\u00eenettes et on coupe le brin transversal du steek central sur toute la hauteur.<\/p>\n<p><a href=\"https:\/\/petitmammouthlaineux.fr\/wp-content\/uploads\/steks-endroit-envers-chainette.jpg\"><img loading=\"lazy\" decoding=\"async\" class=\"alignleft size-full wp-image-8595\" src=\"https:\/\/petitmammouthlaineux.fr\/wp-content\/uploads\/steks-endroit-envers-chainette.jpg\" alt=\"steks endroit envers chainette\" width=\"1920\" height=\"1080\" srcset=\"https:\/\/petitmammouthlaineux.fr\/wp-content\/uploads\/steks-endroit-envers-chainette.jpg 1920w, https:\/\/petitmammouthlaineux.fr\/wp-content\/uploads\/steks-endroit-envers-chainette-300x169.jpg 300w, https:\/\/petitmammouthlaineux.fr\/wp-content\/uploads\/steks-endroit-envers-chainette-768x432.jpg 768w, https:\/\/petitmammouthlaineux.fr\/wp-content\/uploads\/steks-endroit-envers-chainette-1024x576.jpg 1024w, https:\/\/petitmammouthlaineux.fr\/wp-content\/uploads\/steks-endroit-envers-chainette-1200x675.jpg 1200w\" sizes=\"(max-width: 709px) 85vw, (max-width: 909px) 67vw, (max-width: 1362px) 62vw, 840px\" \/><\/a><\/p>\n<p>&nbsp;<\/p>\n<p>&nbsp;<\/p>\n<p><a href=\"https:\/\/petitmammouthlaineux.fr\/wp-content\/uploads\/steeks-coupe-2.jpg\"><img loading=\"lazy\" decoding=\"async\" class=\"alignleft size-full wp-image-8592\" src=\"https:\/\/petitmammouthlaineux.fr\/wp-content\/uploads\/steeks-coupe-2.jpg\" alt=\"steeks coupe 2\" width=\"1920\" height=\"1080\" srcset=\"https:\/\/petitmammouthlaineux.fr\/wp-content\/uploads\/steeks-coupe-2.jpg 1920w, https:\/\/petitmammouthlaineux.fr\/wp-content\/uploads\/steeks-coupe-2-300x169.jpg 300w, https:\/\/petitmammouthlaineux.fr\/wp-content\/uploads\/steeks-coupe-2-768x432.jpg 768w, https:\/\/petitmammouthlaineux.fr\/wp-content\/uploads\/steeks-coupe-2-1024x576.jpg 1024w, https:\/\/petitmammouthlaineux.fr\/wp-content\/uploads\/steeks-coupe-2-1200x675.jpg 1200w\" sizes=\"(max-width: 709px) 85vw, (max-width: 909px) 67vw, (max-width: 1362px) 62vw, 840px\" \/><\/a><\/p>\n<p>Allez-y doucement et faites attention \u00e0 ne pas couper autre chose, notamment la cha\u00eenette.<\/p>\n<p><iframe loading=\"lazy\" src=\"https:\/\/www.youtube.com\/embed\/R8iC3GG5n_0\" allowfullscreen=\"allowfullscreen\" width=\"560\" height=\"315\" frameborder=\"0\"><\/iframe><\/p>\n<p>Voil\u00e0. Le tricot est ouvert et les mailles tiennent.<\/p>\n<p>Il faut maintenant replier les bordures des steeks vers l\u2019int\u00e9rieur pour les cacher sur l\u2019envers avant de faire les bordures de boutonnage.<\/p>\n<p><strong>4 Replier et fixer les bordures des steeks sur l\u2019envers<\/strong><\/p>\n<p>C\u2019est tr\u00e8s simple, il faut juste veiller \u00e0 bien replier au bon endroit \u00e0 la limite du 1er et du dernier steek.<\/p>\n<p>On replie la bordure et on fixe avec une couture \u00e0 points gliss\u00e9s. Et on fait de m\u00eame de l\u2019autre c\u00f4t\u00e9<strong><em>.&nbsp; <\/em><\/strong>Une fois les bordures repli\u00e9es, les steeks sont&nbsp; invisibles. On a un jacquard ouvert avec les motifs sym\u00e9triques.<\/p>\n<p><a href=\"https:\/\/petitmammouthlaineux.fr\/wp-content\/uploads\/steeks-bordure-fin-2.jpg\"><img loading=\"lazy\" decoding=\"async\" class=\"alignleft size-full wp-image-8590\" src=\"https:\/\/petitmammouthlaineux.fr\/wp-content\/uploads\/steeks-bordure-fin-2.jpg\" alt=\"steeks bordure fin 2\" width=\"1920\" height=\"1080\" srcset=\"https:\/\/petitmammouthlaineux.fr\/wp-content\/uploads\/steeks-bordure-fin-2.jpg 1920w, https:\/\/petitmammouthlaineux.fr\/wp-content\/uploads\/steeks-bordure-fin-2-300x169.jpg 300w, https:\/\/petitmammouthlaineux.fr\/wp-content\/uploads\/steeks-bordure-fin-2-768x432.jpg 768w, https:\/\/petitmammouthlaineux.fr\/wp-content\/uploads\/steeks-bordure-fin-2-1024x576.jpg 1024w, https:\/\/petitmammouthlaineux.fr\/wp-content\/uploads\/steeks-bordure-fin-2-1200x675.jpg 1200w\" sizes=\"(max-width: 709px) 85vw, (max-width: 909px) 67vw, (max-width: 1362px) 62vw, 840px\" \/><\/a><a href=\"https:\/\/petitmammouthlaineux.fr\/wp-content\/uploads\/steeks-bordure-fin-3.jpg\"><img loading=\"lazy\" decoding=\"async\" class=\"alignleft size-full wp-image-8589\" src=\"https:\/\/petitmammouthlaineux.fr\/wp-content\/uploads\/steeks-bordure-fin-3.jpg\" alt=\"steeks bordure fin 3\" width=\"1920\" height=\"1080\" srcset=\"https:\/\/petitmammouthlaineux.fr\/wp-content\/uploads\/steeks-bordure-fin-3.jpg 1920w, https:\/\/petitmammouthlaineux.fr\/wp-content\/uploads\/steeks-bordure-fin-3-300x169.jpg 300w, https:\/\/petitmammouthlaineux.fr\/wp-content\/uploads\/steeks-bordure-fin-3-768x432.jpg 768w, https:\/\/petitmammouthlaineux.fr\/wp-content\/uploads\/steeks-bordure-fin-3-1024x576.jpg 1024w, https:\/\/petitmammouthlaineux.fr\/wp-content\/uploads\/steeks-bordure-fin-3-1200x675.jpg 1200w\" sizes=\"(max-width: 709px) 85vw, (max-width: 909px) 67vw, (max-width: 1362px) 62vw, 840px\" \/><\/a><\/p>\n<p><strong>5&nbsp; relever les mailles pour faire les bordures de boutonnage<\/strong><\/p>\n<p>Pour terminer la bordure du cardigan, on rel\u00e8ve les mailles selon le nombre indiqu\u00e9 sur le patron. En g\u00e9n\u00e9ral, pour avoir une bordure bien droite et qui ne gondole pas, on ne rel\u00e8ve pas toutes les mailles, on en saute une de temps en temps.<\/p>\n<p>Une fois ces mailles relev\u00e9es, on tricote selon les indications du mod\u00e8le&nbsp;: c\u00f4tes, point de riz, jersey endroit, avec ou sans boutonni\u00e8res. Et il faut faire de m\u00eame de l\u2019autre c\u00f4t\u00e9.<\/p>\n<p><a href=\"https:\/\/petitmammouthlaineux.fr\/wp-content\/uploads\/steeks-bordure-fin-4.jpg\"><img loading=\"lazy\" decoding=\"async\" class=\"alignleft size-full wp-image-8588\" src=\"https:\/\/petitmammouthlaineux.fr\/wp-content\/uploads\/steeks-bordure-fin-4.jpg\" alt=\"steeks bordure fin 4\" width=\"1920\" height=\"1080\" srcset=\"https:\/\/petitmammouthlaineux.fr\/wp-content\/uploads\/steeks-bordure-fin-4.jpg 1920w, https:\/\/petitmammouthlaineux.fr\/wp-content\/uploads\/steeks-bordure-fin-4-300x169.jpg 300w, https:\/\/petitmammouthlaineux.fr\/wp-content\/uploads\/steeks-bordure-fin-4-768x432.jpg 768w, https:\/\/petitmammouthlaineux.fr\/wp-content\/uploads\/steeks-bordure-fin-4-1024x576.jpg 1024w, https:\/\/petitmammouthlaineux.fr\/wp-content\/uploads\/steeks-bordure-fin-4-1200x675.jpg 1200w\" sizes=\"(max-width: 709px) 85vw, (max-width: 909px) 67vw, (max-width: 1362px) 62vw, 840px\" \/><\/a><\/p>\n<p><iframe loading=\"lazy\" src=\"https:\/\/www.youtube.com\/embed\/KrsD_Yp7ZIk\" allowfullscreen=\"allowfullscreen\" width=\"560\" height=\"315\" frameborder=\"0\"><\/iframe><\/p>\n<p>Les steeks sont vraiment une technique int\u00e9ressante&nbsp; quand on fait du jacquard, mais elle peut aussi \u00eatre utilis\u00e9e pour tout mod\u00e8le qu\u2019on tricote en rond et qu\u2019on a besoin d\u2019ouvrir.<\/p>\n<p>Je vous ai montr\u00e9 le principe avec un exemple de cardigan, mais la technique se pratique aussi pour ouvrir un pull \u00e0 l\u2019endroit des manches.<\/p>\n<p>N&rsquo;h\u00e9sitez pas \u00e0 me faire part de vos critiques constructives dans les commentaires.<\/p>\n<p>Couper dans un tricot vous stresse&nbsp;?&nbsp; Le mieux est de d\u00e9dramatiser en r\u00e9alisant un petit \u00e9chantillon sur 10 cm de hauteur. Vous vous familiariserez avec la technique et pourrez passer au grandeur nature en toute s\u00e9r\u00e9nit\u00e9 ensuite.<\/p>\n<p>J\u2019esp\u00e8re que ce tuto vous a plu et vous sera utile. Bon tricot !<\/p>\n","protected":false},"excerpt":{"rendered":"<p>Enfin le voil\u00e0 ce tuto sur les steeks ! Ouh, la, la, cela a \u00e9t\u00e9 laborieux ! D\u00e9sol\u00e9e pour le d\u00e9lai, mais l&rsquo;organisation d&rsquo;un d\u00e9m\u00e9nagement a l\u00e9g\u00e8rement perturb\u00e9 mon planning&#8230; Je voulais vraiment un tuto&nbsp; clair et&nbsp; complet et j&rsquo;esp\u00e8re que c&rsquo;est r\u00e9ussi. Un grand merci \u00e0 l\u2019empereur d&rsquo;Orient qui s&rsquo;est improvis\u00e9 cameraman et a &hellip; <a href=\"https:\/\/petitmammouthlaineux.fr\/?page_id=8532\" class=\"more-link\">Continuer la lecture<span class=\"screen-reader-text\"> de &laquo;&nbsp;Steeks mode d&#8217;emploi&nbsp;&raquo;<\/span><\/a><\/p>\n","protected":false},"author":1,"featured_media":0,"parent":381,"menu_order":0,"comment_status":"open","ping_status":"open","template":"","meta":{"footnotes":""},"class_list":["post-8532","page","type-page","status-publish","hentry"],"_links":{"self":[{"href":"https:\/\/petitmammouthlaineux.fr\/index.php?rest_route=\/wp\/v2\/pages\/8532"}],"collection":[{"href":"https:\/\/petitmammouthlaineux.fr\/index.php?rest_route=\/wp\/v2\/pages"}],"about":[{"href":"https:\/\/petitmammouthlaineux.fr\/index.php?rest_route=\/wp\/v2\/types\/page"}],"author":[{"embeddable":true,"href":"https:\/\/petitmammouthlaineux.fr\/index.php?rest_route=\/wp\/v2\/users\/1"}],"replies":[{"embeddable":true,"href":"https:\/\/petitmammouthlaineux.fr\/index.php?rest_route=%2Fwp%2Fv2%2Fcomments&post=8532"}],"version-history":[{"count":0,"href":"https:\/\/petitmammouthlaineux.fr\/index.php?rest_route=\/wp\/v2\/pages\/8532\/revisions"}],"up":[{"embeddable":true,"href":"https:\/\/petitmammouthlaineux.fr\/index.php?rest_route=\/wp\/v2\/pages\/381"}],"wp:attachment":[{"href":"https:\/\/petitmammouthlaineux.fr\/index.php?rest_route=%2Fwp%2Fv2%2Fmedia&parent=8532"}],"curies":[{"name":"wp","href":"https:\/\/api.w.org\/{rel}","templated":true}]}}