{"id":919,"date":"2013-05-23T17:44:49","date_gmt":"2013-05-23T16:44:49","guid":{"rendered":"http:\/\/petitmammouthlaineux.fr\/?page_id=919"},"modified":"2017-01-20T14:14:19","modified_gmt":"2017-01-20T13:14:19","slug":"pull-en-motif-chevron","status":"publish","type":"page","link":"https:\/\/petitmammouthlaineux.fr\/?page_id=919","title":{"rendered":"Pull en motif chevron"},"content":{"rendered":"<p>Je pr\u00e9cise que ce tuto est du \u00ab\u00a0reverse engeneering\u00a0\u00bb : j&rsquo;ai reconstitu\u00e9 le patron \u00e0 partir d&rsquo;un pull\u00a0 qui serait \u00e0 refaire en qualit\u00e9 Pronostic + de Phildar .<\/p>\n<p><a href=\"https:\/\/petitmammouthlaineux.fr\/wp-content\/uploads\/IMG_2213.jpg\"><img loading=\"lazy\" decoding=\"async\" class=\"alignleft size-medium wp-image-935\" src=\"https:\/\/petitmammouthlaineux.fr\/wp-content\/uploads\/IMG_2213-225x300.jpg\" alt=\"IMG_2213\" width=\"225\" height=\"300\" srcset=\"https:\/\/petitmammouthlaineux.fr\/wp-content\/uploads\/IMG_2213-225x300.jpg 225w, https:\/\/petitmammouthlaineux.fr\/wp-content\/uploads\/IMG_2213.jpg 768w\" sizes=\"(max-width: 225px) 85vw, 225px\" \/><\/a><\/p>\n<p><a href=\"https:\/\/petitmammouthlaineux.fr\/wp-content\/uploads\/IMG_2214.jpg\"><img loading=\"lazy\" decoding=\"async\" class=\"alignright size-medium wp-image-936\" src=\"https:\/\/petitmammouthlaineux.fr\/wp-content\/uploads\/IMG_2214-300x225.jpg\" alt=\"IMG_2214\" width=\"300\" height=\"225\" srcset=\"https:\/\/petitmammouthlaineux.fr\/wp-content\/uploads\/IMG_2214-300x225.jpg 300w, https:\/\/petitmammouthlaineux.fr\/wp-content\/uploads\/IMG_2214.jpg 1024w\" sizes=\"(max-width: 300px) 85vw, 300px\" \/><\/a><\/p>\n<p>&nbsp;<\/p>\n<p>&nbsp;<\/p>\n<p>&nbsp;<\/p>\n<p>&nbsp;<\/p>\n<p>&nbsp;<\/p>\n<p>&nbsp;<\/p>\n<p>&nbsp;<\/p>\n<p>Taille 38 &#8211; Aiguilles 2.5 et 3 &#8211; quantit\u00e9 estim\u00e9e : 9 pelotes<\/p>\n<p><b>\u00a0<\/b><b>Echantillon <\/b><\/p>\n<p>Aig n\u00b03 : carr\u00e9 de 10 cm\u00a0: 24 m x 34 rangs<\/p>\n<p><a href=\"https:\/\/petitmammouthlaineux.fr\/wp-content\/uploads\/IMG_2217.jpg\"><img loading=\"lazy\" decoding=\"async\" class=\"alignleft size-medium wp-image-937\" src=\"https:\/\/petitmammouthlaineux.fr\/wp-content\/uploads\/IMG_2217-300x225.jpg\" alt=\"IMG_2217\" width=\"300\" height=\"225\" srcset=\"https:\/\/petitmammouthlaineux.fr\/wp-content\/uploads\/IMG_2217-300x225.jpg 300w, https:\/\/petitmammouthlaineux.fr\/wp-content\/uploads\/IMG_2217.jpg 1024w\" sizes=\"(max-width: 300px) 85vw, 300px\" \/><\/a><\/p>\n<p>&nbsp;<\/p>\n<p>&nbsp;<\/p>\n<p>&nbsp;<\/p>\n<p>&nbsp;<\/p>\n<p>&nbsp;<\/p>\n<p>&nbsp;<\/p>\n<p><b>Points employ\u00e9s<\/b>\u00a0:<\/p>\n<p>C\u00f4tes 1&#215;1\u00a0: 1m endroit, 1m envers<\/p>\n<p>Point fantaisie\u00a0: suivre la grille<\/p>\n<p><a href=\"https:\/\/petitmammouthlaineux.fr\/wp-content\/uploads\/grille-motif-chevron.jpg\"><img loading=\"lazy\" decoding=\"async\" class=\"alignleft size-medium wp-image-917\" src=\"https:\/\/petitmammouthlaineux.fr\/wp-content\/uploads\/grille-motif-chevron-300x258.jpg\" alt=\"grille motif chevron\" width=\"300\" height=\"258\" srcset=\"https:\/\/petitmammouthlaineux.fr\/wp-content\/uploads\/grille-motif-chevron-300x258.jpg 300w, https:\/\/petitmammouthlaineux.fr\/wp-content\/uploads\/grille-motif-chevron.jpg 474w\" sizes=\"(max-width: 300px) 85vw, 300px\" \/><\/a><\/p>\n<p>&nbsp;<\/p>\n<p>&nbsp;<\/p>\n<p>&nbsp;<\/p>\n<p>&nbsp;<\/p>\n<p>&nbsp;<\/p>\n<p>&nbsp;<\/p>\n<p><b><span style=\"text-decoration: underline;\">Dimensions pull<\/span><\/b><\/p>\n<p><b>Dos<\/b><\/p>\n<p>Largeur bas\u00a0(c\u00f4tes): 36cm<\/p>\n<p>Hauteur : 56 cm<\/p>\n<p>Hauteur sous l\u2019emmanchure\u00a0: 37cm<\/p>\n<p>Hauteur encolure\u00a0: 54cm<\/p>\n<p>Largeur encolure\u00a0: 21cm<\/p>\n<p>Largeur \u00e9paule\u00a0: 7cm<\/p>\n<p><b>Devant<\/b>\u00a0:<\/p>\n<p>Idem dos<\/p>\n<p>Sauf encolure \u00e0\u00a048cm<\/p>\n<p><b>Manches <\/b><\/p>\n<p>Largeur bas\u00a0: 14cm<\/p>\n<p>Hauteur\u00a0avant diminutions d\u2019emmanchures\u00a0: 45cm<\/p>\n<p>Largeur haut\u00a0: 42cm<\/p>\n<p>Hauteur \u00e0 l\u2019\u00e9paule\u00a0: 56cm<\/p>\n<p><b><span style=\"text-decoration: underline;\">R\u00e9alisation<\/span><\/b><\/p>\n<p><b>Dos<\/b><\/p>\n<p>Monter 84m, aig. 2.5<\/p>\n<p>Tricoter 6cm de c\u00f4tes 1&#215;1<\/p>\n<p>Continuer en point fantaisie aig.3 en commen\u00e7ant par 2m endroit puis r\u00e9p\u00e9ter les 16m du motif et terminer par 2m endroit.<\/p>\n<p>En m\u00eame temps, augmenter de chaque c\u00f4t\u00e9 1m tous les 8 rgs, 12 fois. On a 108m.<\/p>\n<p>A 37cm de hauteur totale, faire les diminutions d\u2019emmanchures\u00a0: diminuer de chaque c\u00f4t\u00e9\u00a0tous les 2rgs\u00a0:1x4m, 3x2m, 2x1m<\/p>\n<p>Il reste 84m<\/p>\n<p>A 54cm de hauteur totale pour l\u2019encolure, rabattre les 34m centrales<\/p>\n<p>Puis de chaque c\u00f4t\u00e9 tous les 2rgs\u00a0: 1x4m, 2x2m<\/p>\n<p>A 56cm de hauteur totale, rabattre de chaque c\u00f4t\u00e9 les 17m restantes pour les \u00e9paules.<\/p>\n<p><b>Devant<\/b><\/p>\n<p>Commencer comme pour le dos<\/p>\n<p>A 48cm de hauteur totale pour l\u2019encolure, rabattre les 28m centrales<\/p>\n<p>Puis de chaque c\u00f4t\u00e9 tous les 2rgs\u00a0: 1x4m, 2x2m, 3x1m<\/p>\n<p>Continuer droit<\/p>\n<p>A 56cm de hauteur totale, rabattre de chaque c\u00f4t\u00e9 les 17m restantes pour les \u00e9paules.<\/p>\n<p><b>Manches <\/b>:<\/p>\n<p>Monter 36m, tricoter 5 cm de c\u00f4tes 1&#215;1 aig 2.5<\/p>\n<p>Continuer en point fantaisie aig.3 en commen\u00e7ant par 2m endroit puis r\u00e9p\u00e9ter les 16m du motif et terminer par 2m endroit.<\/p>\n<p>En m\u00eame temps, augmenter de chaque c\u00f4t\u00e9, 1m tous les 4 rgs 26 fois\u00a0: on a 88m<\/p>\n<p>A 45cm de hauteur totale, commencer les diminutions d\u2019emmanchures\u00a0:<\/p>\n<p>Rabattre de chaque c\u00f4t\u00e9 tous les 2 rgs\u00a0: 1x4m,5x2m, 3x1m,\u00a05x2m<\/p>\n<p>Rabattre les\u00a034m restantes. La manche mesure environ 56cm de hauteur totale.<\/p>\n<p>Tricoter la seconde manche \u00e0 l\u2019identique<\/p>\n<p><b>Finitions<\/b><\/p>\n<p>Coudre les diff\u00e9rentes pi\u00e8ces<\/p>\n<p><span style=\"text-decoration: underline;\">Col<\/span>\u00a0: relever des mailles le long de l\u2019encolure du dos et de celle du devant, tricoter en jersey endroit et rabattre les mailles en m\u00eame temps (1 seul rang).<\/p>\n<p>&nbsp;<\/p>\n<p>&nbsp;<\/p>\n","protected":false},"excerpt":{"rendered":"<p>Je pr\u00e9cise que ce tuto est du \u00ab\u00a0reverse engeneering\u00a0\u00bb : j&rsquo;ai reconstitu\u00e9 le patron \u00e0 partir d&rsquo;un pull\u00a0 qui serait \u00e0 refaire en qualit\u00e9 Pronostic + de Phildar . &nbsp; &nbsp; &nbsp; &nbsp; &nbsp; &nbsp; &nbsp; Taille 38 &#8211; Aiguilles 2.5 et 3 &#8211; quantit\u00e9 estim\u00e9e : 9 pelotes \u00a0Echantillon Aig n\u00b03 : carr\u00e9 de &hellip; <a href=\"https:\/\/petitmammouthlaineux.fr\/?page_id=919\" class=\"more-link\">Continuer la lecture<span class=\"screen-reader-text\"> de &laquo;&nbsp;Pull en motif chevron&nbsp;&raquo;<\/span><\/a><\/p>\n","protected":false},"author":1,"featured_media":0,"parent":252,"menu_order":0,"comment_status":"open","ping_status":"open","template":"","meta":{"footnotes":""},"class_list":["post-919","page","type-page","status-publish","hentry"],"_links":{"self":[{"href":"https:\/\/petitmammouthlaineux.fr\/index.php?rest_route=\/wp\/v2\/pages\/919"}],"collection":[{"href":"https:\/\/petitmammouthlaineux.fr\/index.php?rest_route=\/wp\/v2\/pages"}],"about":[{"href":"https:\/\/petitmammouthlaineux.fr\/index.php?rest_route=\/wp\/v2\/types\/page"}],"author":[{"embeddable":true,"href":"https:\/\/petitmammouthlaineux.fr\/index.php?rest_route=\/wp\/v2\/users\/1"}],"replies":[{"embeddable":true,"href":"https:\/\/petitmammouthlaineux.fr\/index.php?rest_route=%2Fwp%2Fv2%2Fcomments&post=919"}],"version-history":[{"count":0,"href":"https:\/\/petitmammouthlaineux.fr\/index.php?rest_route=\/wp\/v2\/pages\/919\/revisions"}],"up":[{"embeddable":true,"href":"https:\/\/petitmammouthlaineux.fr\/index.php?rest_route=\/wp\/v2\/pages\/252"}],"wp:attachment":[{"href":"https:\/\/petitmammouthlaineux.fr\/index.php?rest_route=%2Fwp%2Fv2%2Fmedia&parent=919"}],"curies":[{"name":"wp","href":"https:\/\/api.w.org\/{rel}","templated":true}]}}