{"id":973,"date":"2013-05-24T15:16:34","date_gmt":"2013-05-24T14:16:34","guid":{"rendered":"http:\/\/petitmammouthlaineux.fr\/?page_id=973"},"modified":"2017-01-20T14:10:16","modified_gmt":"2017-01-20T13:10:16","slug":"couverture-en-damier-pour-bebe","status":"publish","type":"page","link":"https:\/\/petitmammouthlaineux.fr\/?page_id=973","title":{"rendered":"Couverture en damier pour b\u00e9b\u00e9"},"content":{"rendered":"<p>Une cr\u00e9ation totale\u00a0pour utiliser les restes !<\/p>\n<p><a href=\"https:\/\/petitmammouthlaineux.fr\/wp-content\/uploads\/IMG_2178.jpg\"><img loading=\"lazy\" decoding=\"async\" class=\"alignleft size-medium wp-image-893\" src=\"https:\/\/petitmammouthlaineux.fr\/wp-content\/uploads\/IMG_2178-225x300.jpg\" alt=\"IMG_2178\" width=\"225\" height=\"300\" srcset=\"https:\/\/petitmammouthlaineux.fr\/wp-content\/uploads\/IMG_2178-225x300.jpg 225w, https:\/\/petitmammouthlaineux.fr\/wp-content\/uploads\/IMG_2178.jpg 768w\" sizes=\"(max-width: 225px) 85vw, 225px\" \/><\/a><a href=\"https:\/\/petitmammouthlaineux.fr\/wp-content\/uploads\/IMG_2208.jpg\"><img loading=\"lazy\" decoding=\"async\" class=\"alignright size-medium wp-image-931\" src=\"https:\/\/petitmammouthlaineux.fr\/wp-content\/uploads\/IMG_2208-300x225.jpg\" alt=\"IMG_2208\" width=\"300\" height=\"225\" srcset=\"https:\/\/petitmammouthlaineux.fr\/wp-content\/uploads\/IMG_2208-300x225.jpg 300w, https:\/\/petitmammouthlaineux.fr\/wp-content\/uploads\/IMG_2208.jpg 1024w\" sizes=\"(max-width: 300px) 85vw, 300px\" \/><\/a><\/p>\n<p>&nbsp;<\/p>\n<p>&nbsp;<\/p>\n<p>&nbsp;<\/p>\n<p>&nbsp;<\/p>\n<p>&nbsp;<\/p>\n<p>&nbsp;<\/p>\n<p>&nbsp;<\/p>\n<p><strong>Qualit\u00e9 <\/strong>: Mississippi 3 de Katia &#8211; 6 coloris diff\u00e9rents<\/p>\n<p><strong>Forme et points<\/strong> :<\/p>\n<p>un \u00ab\u00a0fond\u00a0\u00bb vert en point mousse pour s\u00e9parer horizontalement et verticalement tous les carr\u00e9s et faire la bordure ext\u00e9rieure.<\/p>\n<p>couverture constitu\u00e9e de carr\u00e9s en jersey endroit de diff\u00e9rentes couleurs dont certains avec motif oiseau ou lapin.<\/p>\n<p>voir <a href=\"?page_id=533\">tuto<\/a><\/p>\n<p>&nbsp;<\/p>\n","protected":false},"excerpt":{"rendered":"<p>Une cr\u00e9ation totale\u00a0pour utiliser les restes ! &nbsp; &nbsp; &nbsp; &nbsp; &nbsp; &nbsp; &nbsp; Qualit\u00e9 : Mississippi 3 de Katia &#8211; 6 coloris diff\u00e9rents Forme et points : un \u00ab\u00a0fond\u00a0\u00bb vert en point mousse pour s\u00e9parer horizontalement et verticalement tous les carr\u00e9s et faire la bordure ext\u00e9rieure. couverture constitu\u00e9e de carr\u00e9s en jersey endroit de &hellip; <a href=\"https:\/\/petitmammouthlaineux.fr\/?page_id=973\" class=\"more-link\">Continuer la lecture<span class=\"screen-reader-text\"> de &laquo;&nbsp;Couverture en damier pour b\u00e9b\u00e9&nbsp;&raquo;<\/span><\/a><\/p>\n","protected":false},"author":1,"featured_media":0,"parent":257,"menu_order":0,"comment_status":"open","ping_status":"open","template":"","meta":{"footnotes":""},"class_list":["post-973","page","type-page","status-publish","hentry"],"_links":{"self":[{"href":"https:\/\/petitmammouthlaineux.fr\/index.php?rest_route=\/wp\/v2\/pages\/973"}],"collection":[{"href":"https:\/\/petitmammouthlaineux.fr\/index.php?rest_route=\/wp\/v2\/pages"}],"about":[{"href":"https:\/\/petitmammouthlaineux.fr\/index.php?rest_route=\/wp\/v2\/types\/page"}],"author":[{"embeddable":true,"href":"https:\/\/petitmammouthlaineux.fr\/index.php?rest_route=\/wp\/v2\/users\/1"}],"replies":[{"embeddable":true,"href":"https:\/\/petitmammouthlaineux.fr\/index.php?rest_route=%2Fwp%2Fv2%2Fcomments&post=973"}],"version-history":[{"count":0,"href":"https:\/\/petitmammouthlaineux.fr\/index.php?rest_route=\/wp\/v2\/pages\/973\/revisions"}],"up":[{"embeddable":true,"href":"https:\/\/petitmammouthlaineux.fr\/index.php?rest_route=\/wp\/v2\/pages\/257"}],"wp:attachment":[{"href":"https:\/\/petitmammouthlaineux.fr\/index.php?rest_route=%2Fwp%2Fv2%2Fmedia&parent=973"}],"curies":[{"name":"wp","href":"https:\/\/api.w.org\/{rel}","templated":true}]}}